{"id":292,"date":"2025-05-29T16:05:17","date_gmt":"2025-05-29T15:05:17","guid":{"rendered":"https:\/\/femipariklaszter.hu\/?page_id=292"},"modified":"2025-07-03T05:47:39","modified_gmt":"2025-07-03T04:47:39","slug":"esemenyek","status":"publish","type":"page","link":"https:\/\/femipariklaszter.hu\/index.php\/esemenyek\/","title":{"rendered":"Esem\u00e9nyek"},"content":{"rendered":"\n<p class=\"has-text-align-center\"><\/p>\n\n\n\n<div style=\"height:100px\" aria-hidden=\"true\" class=\"wp-block-spacer\"><\/div>\n\n\n\n<div class=\"wp-block-query is-layout-flow wp-block-query-is-layout-flow\"><ul class=\"wp-block-post-template is-layout-flow wp-block-post-template-is-layout-flow\"><li class=\"wp-block-post post-375 post type-post status-publish format-standard has-post-thumbnail hentry category-event tag-femipariklaszter tag-femipariklaszter-2 tag-mmfk-2 tag-palyazatok\">\n\n<div class=\"wp-block-columns alignwide is-layout-flex wp-container-core-columns-is-layout-28f84493 wp-block-columns-is-layout-flex\">\n<div class=\"wp-block-column is-layout-flow wp-block-column-is-layout-flow\" style=\"flex-basis:50%\"><figure class=\"wp-block-post-featured-image\"><a href=\"https:\/\/femipariklaszter.hu\/index.php\/2025\/07\/06\/webinar-felkeszules-a-megujulo-energiatermeles-es-energiatarolas-palyazatra\/\" target=\"_self\"  ><img fetchpriority=\"high\" decoding=\"async\" width=\"1200\" height=\"1200\" src=\"https:\/\/femipariklaszter.hu\/wp-content\/uploads\/2025\/07\/MMFK-webinar_sundroid_borito-linkkel.png\" class=\"attachment-post-thumbnail size-post-thumbnail wp-post-image\" alt=\"WEBINAR: Felk\u00e9sz\u00fcl\u00e9s a meg\u00fajul\u00f3 energiatermel\u00e9s \u00e9s energiat\u00e1rol\u00e1s p\u00e1ly\u00e1zatra\" style=\"object-fit:cover;\" srcset=\"https:\/\/femipariklaszter.hu\/wp-content\/uploads\/2025\/07\/MMFK-webinar_sundroid_borito-linkkel.png 1200w, https:\/\/femipariklaszter.hu\/wp-content\/uploads\/2025\/07\/MMFK-webinar_sundroid_borito-linkkel-300x300.png 300w, https:\/\/femipariklaszter.hu\/wp-content\/uploads\/2025\/07\/MMFK-webinar_sundroid_borito-linkkel-1024x1024.png 1024w, https:\/\/femipariklaszter.hu\/wp-content\/uploads\/2025\/07\/MMFK-webinar_sundroid_borito-linkkel-150x150.png 150w, https:\/\/femipariklaszter.hu\/wp-content\/uploads\/2025\/07\/MMFK-webinar_sundroid_borito-linkkel-768x768.png 768w\" sizes=\"(max-width: 1200px) 100vw, 1200px\" \/><\/a><\/figure><\/div>\n\n\n\n<div class=\"wp-block-column is-layout-flow wp-block-column-is-layout-flow\" style=\"flex-basis:33.33%\"><h2 class=\"wp-block-post-title\"><a href=\"https:\/\/femipariklaszter.hu\/index.php\/2025\/07\/06\/webinar-felkeszules-a-megujulo-energiatermeles-es-energiatarolas-palyazatra\/\" target=\"_self\" >WEBINAR: Felk\u00e9sz\u00fcl\u00e9s a meg\u00fajul\u00f3 energiatermel\u00e9s \u00e9s energiat\u00e1rol\u00e1s p\u00e1ly\u00e1zatra<\/a><\/h2>\n\n<div class=\"wp-block-post-excerpt\"><p class=\"wp-block-post-excerpt__excerpt\">A p\u00e1ly\u00e1zat ak\u00e1r 1 milli\u00e1rd forint vissza nem t\u00e9r\u00edtend\u0151 t\u00e1mogat\u00e1st k\u00edn\u00e1l meg\u00fajul\u00f3 energiatermel\u00e9sre \u00e9s energiat\u00e1rol\u00e1sra, k\u00fcl\u00f6n\u00f6sen az energiaintenz\u00edv \u00e1gazatok, p\u00e9ld\u00e1ul a f\u00e9mipar szerepl\u0151inek. A Magyar Met\u00e1l F\u00e9mipari Klaszter szakmai webin\u00e1rium\u00e1n bemutatjuk, hogyan k\u00e9sz\u00fclhetnek fel a c\u00e9gek sikeresen a p\u00e1ly\u00e1zatra. Az esem\u00e9nyen a European Conformity Check p\u00e1ly\u00e1zat\u00edr\u00f3 int\u00e9zet, valamint meg\u00fajul\u00f3 energia \u00e9s energiat\u00e1rol\u00e1s ter\u00fclet\u00e9n j\u00e1rtas szak\u00e9rt\u0151k&hellip; <\/p><\/div><\/div>\n<\/div>\n\n<\/li><li class=\"wp-block-post post-358 post type-post status-publish format-standard has-post-thumbnail hentry category-event tag-automatizalas tag-autonomrobotika tag-energiahatekonysag tag-femipar tag-fenntarthatosag tag-ipar40 tag-logisztika tag-metalklaszter tag-mmfk tag-versenykepesseg tag-klaszter\">\n\n<div class=\"wp-block-columns alignwide is-layout-flex wp-container-core-columns-is-layout-28f84493 wp-block-columns-is-layout-flex\">\n<div class=\"wp-block-column is-layout-flow wp-block-column-is-layout-flow\" style=\"flex-basis:50%\"><figure class=\"wp-block-post-featured-image\"><a href=\"https:\/\/femipariklaszter.hu\/index.php\/2025\/07\/06\/ipari-workshop-ipari-digitalizacio-es-autonom-megoldasok\/\" target=\"_self\"  ><img decoding=\"async\" width=\"1200\" height=\"1200\" src=\"https:\/\/femipariklaszter.hu\/wp-content\/uploads\/2025\/07\/WORKSHOP_Agilox-4iG-LinkedIn-bejegyzes.png\" class=\"attachment-post-thumbnail size-post-thumbnail wp-post-image\" alt=\"IPARI WORKSHOP: Ipari digitaliz\u00e1ci\u00f3 \u00e9s auton\u00f3m megold\u00e1sok\" style=\"object-fit:cover;\" srcset=\"https:\/\/femipariklaszter.hu\/wp-content\/uploads\/2025\/07\/WORKSHOP_Agilox-4iG-LinkedIn-bejegyzes.png 1200w, https:\/\/femipariklaszter.hu\/wp-content\/uploads\/2025\/07\/WORKSHOP_Agilox-4iG-LinkedIn-bejegyzes-300x300.png 300w, https:\/\/femipariklaszter.hu\/wp-content\/uploads\/2025\/07\/WORKSHOP_Agilox-4iG-LinkedIn-bejegyzes-1024x1024.png 1024w, https:\/\/femipariklaszter.hu\/wp-content\/uploads\/2025\/07\/WORKSHOP_Agilox-4iG-LinkedIn-bejegyzes-150x150.png 150w, https:\/\/femipariklaszter.hu\/wp-content\/uploads\/2025\/07\/WORKSHOP_Agilox-4iG-LinkedIn-bejegyzes-768x768.png 768w\" sizes=\"(max-width: 1200px) 100vw, 1200px\" \/><\/a><\/figure><\/div>\n\n\n\n<div class=\"wp-block-column is-layout-flow wp-block-column-is-layout-flow\" style=\"flex-basis:33.33%\"><h2 class=\"wp-block-post-title\"><a href=\"https:\/\/femipariklaszter.hu\/index.php\/2025\/07\/06\/ipari-workshop-ipari-digitalizacio-es-autonom-megoldasok\/\" target=\"_self\" >IPARI WORKSHOP: Ipari digitaliz\u00e1ci\u00f3 \u00e9s auton\u00f3m megold\u00e1sok<\/a><\/h2>\n\n<div class=\"wp-block-post-excerpt\"><p class=\"wp-block-post-excerpt__excerpt\">A \u201eDigitaliz\u00e1ci\u00f3 \u00e9s auton\u00f3m megold\u00e1sok \u2013 Az \u00f6nvezet\u0151 robotika szerepe a hat\u00e9konys\u00e1gn\u00f6vel\u00e9sben \u00e9s a fenntarthat\u00f3s\u00e1gban\u201d c\u00edm\u0171 workshopon azt vizsg\u00e1ltuk, hogyan seg\u00edthetik a gy\u00e1rt\u00f3- \u00e9s ipari v\u00e1llalatokat az \u00f6nvezet\u0151 robotok \u00e9s digitaliz\u00e1ci\u00f3s megold\u00e1sok a munkaer\u0151hi\u00e1ny, az emelked\u0151 energiak\u00f6lts\u00e9gek \u00e9s a nemzetk\u00f6zi elv\u00e1r\u00e1sok kezel\u00e9s\u00e9ben. A r\u00e9sztvev\u0151k gyakorlati p\u00e9ld\u00e1kon, \u00e9l\u0151 bemutat\u00f3n \u00e9s szak\u00e9rt\u0151i el\u0151ad\u00e1sokon kereszt\u00fcl ismerhett\u00e9k meg, milyen&hellip; <\/p><\/div><\/div>\n<\/div>\n\n<\/li><li class=\"wp-block-post post-348 post type-post status-publish format-standard has-post-thumbnail hentry category-event tag-automatizalas tag-digitalizacio tag-femipar tag-fenntarthatosag tag-logisztika tag-metalklaszter tag-mmfk tag-versenykepesseg tag-webinar\">\n\n<div class=\"wp-block-columns alignwide is-layout-flex wp-container-core-columns-is-layout-28f84493 wp-block-columns-is-layout-flex\">\n<div class=\"wp-block-column is-layout-flow wp-block-column-is-layout-flow\" style=\"flex-basis:50%\"><figure class=\"wp-block-post-featured-image\"><a href=\"https:\/\/femipariklaszter.hu\/index.php\/2025\/07\/06\/webinar-hogyan-novelhetik-a-gyarto-kkv-k-a-versenykepesseguket-a-mai-gazdasagi-helyzetben\/\" target=\"_self\"  ><img decoding=\"async\" width=\"1200\" height=\"1200\" src=\"https:\/\/femipariklaszter.hu\/wp-content\/uploads\/2025\/07\/MMFK-webinar_PMI-borito.png\" class=\"attachment-post-thumbnail size-post-thumbnail wp-post-image\" alt=\"WEBINAR: Hogyan n\u00f6velhetik a gy\u00e1rt\u00f3 KKV-k a versenyk\u00e9pess\u00e9g\u00fcket a mai gazdas\u00e1gi helyzetben?\" style=\"object-fit:cover;\" srcset=\"https:\/\/femipariklaszter.hu\/wp-content\/uploads\/2025\/07\/MMFK-webinar_PMI-borito.png 1200w, https:\/\/femipariklaszter.hu\/wp-content\/uploads\/2025\/07\/MMFK-webinar_PMI-borito-300x300.png 300w, https:\/\/femipariklaszter.hu\/wp-content\/uploads\/2025\/07\/MMFK-webinar_PMI-borito-1024x1024.png 1024w, https:\/\/femipariklaszter.hu\/wp-content\/uploads\/2025\/07\/MMFK-webinar_PMI-borito-150x150.png 150w, https:\/\/femipariklaszter.hu\/wp-content\/uploads\/2025\/07\/MMFK-webinar_PMI-borito-768x768.png 768w\" sizes=\"(max-width: 1200px) 100vw, 1200px\" \/><\/a><\/figure><\/div>\n\n\n\n<div class=\"wp-block-column is-layout-flow wp-block-column-is-layout-flow\" style=\"flex-basis:33.33%\"><h2 class=\"wp-block-post-title\"><a href=\"https:\/\/femipariklaszter.hu\/index.php\/2025\/07\/06\/webinar-hogyan-novelhetik-a-gyarto-kkv-k-a-versenykepesseguket-a-mai-gazdasagi-helyzetben\/\" target=\"_self\" >WEBINAR: Hogyan n\u00f6velhetik a gy\u00e1rt\u00f3 KKV-k a versenyk\u00e9pess\u00e9g\u00fcket a mai gazdas\u00e1gi helyzetben?<\/a><\/h2>\n\n<div class=\"wp-block-post-excerpt\"><p class=\"wp-block-post-excerpt__excerpt\">Hogyan lehet m\u00e9rhet\u0151en hat\u00e9konyabb\u00e1 tenni az \u00fczemi logisztik\u00e1t \u2013 beruh\u00e1z\u00e1s n\u00e9lk\u00fcl? Webin\u00e1runkon val\u00f3s p\u00e9ld\u00e1kon kereszt\u00fcl mutatjuk meg, hogyan lehet \u00e1tl\u00e1that\u00f3bb\u00e1 tenni a bels\u0151 logisztikai folyamatokat, cs\u00f6kkenteni a vesztes\u00e9geket \u00e9s n\u00f6velni a kapacit\u00e1st ak\u00e1r megl\u00e9v\u0151 er\u0151forr\u00e1sokkal. Sz\u00f3 lesz a digitaliz\u00e1ci\u00f3 lehet\u0151s\u00e9geir\u0151l KKV-k sz\u00e1m\u00e1ra, a logisztikai teljes\u00edtm\u00e9ny m\u00e9r\u00e9s\u00e9r\u0151l, \u00e9s arr\u00f3l is, milyen kit\u00f6r\u00e9si pontok seg\u00edthetnek el\u0151r\u00e9bb l\u00e9pni&hellip; <\/p><\/div><\/div>\n<\/div>\n\n<\/li><\/ul><\/div>\n","protected":false},"excerpt":{"rendered":"","protected":false},"author":1,"featured_media":0,"parent":0,"menu_order":0,"comment_status":"closed","ping_status":"closed","template":"","meta":{"footnotes":""},"class_list":["post-292","page","type-page","status-publish","hentry"],"_links":{"self":[{"href":"https:\/\/femipariklaszter.hu\/index.php\/wp-json\/wp\/v2\/pages\/292","targetHints":{"allow":["GET"]}}],"collection":[{"href":"https:\/\/femipariklaszter.hu\/index.php\/wp-json\/wp\/v2\/pages"}],"about":[{"href":"https:\/\/femipariklaszter.hu\/index.php\/wp-json\/wp\/v2\/types\/page"}],"author":[{"embeddable":true,"href":"https:\/\/femipariklaszter.hu\/index.php\/wp-json\/wp\/v2\/users\/1"}],"replies":[{"embeddable":true,"href":"https:\/\/femipariklaszter.hu\/index.php\/wp-json\/wp\/v2\/comments?post=292"}],"version-history":[{"count":7,"href":"https:\/\/femipariklaszter.hu\/index.php\/wp-json\/wp\/v2\/pages\/292\/revisions"}],"predecessor-version":[{"id":342,"href":"https:\/\/femipariklaszter.hu\/index.php\/wp-json\/wp\/v2\/pages\/292\/revisions\/342"}],"wp:attachment":[{"href":"https:\/\/femipariklaszter.hu\/index.php\/wp-json\/wp\/v2\/media?parent=292"}],"curies":[{"name":"wp","href":"https:\/\/api.w.org\/{rel}","templated":true}]}}